{"id":1593,"date":"2025-09-25T07:48:09","date_gmt":"2025-09-25T05:48:09","guid":{"rendered":"https:\/\/restaurant.phosaigon.at\/?page_id=1593"},"modified":"2026-01-12T14:29:39","modified_gmt":"2026-01-12T13:29:39","slug":"brunch","status":"publish","type":"page","link":"https:\/\/restaurant.phosaigon.at\/en\/brunch\/","title":{"rendered":"Pho Saigon Brunch"},"content":{"rendered":"<div data-elementor-type=\"wp-page\" data-elementor-id=\"1593\" class=\"elementor elementor-1593\" data-elementor-post-type=\"page\">\n\t\t\t\t<div class=\"elementor-element elementor-element-d17c923 e-con-full e-flex e-con e-parent\" data-id=\"d17c923\" data-element_type=\"container\" data-e-type=\"container\">\n\t\t\t\t<div class=\"elementor-element elementor-element-330c3fa elementor-widget elementor-widget-video\" data-id=\"330c3fa\" data-element_type=\"widget\" data-e-type=\"widget\" data-settings=\"{&quot;video_type&quot;:&quot;hosted&quot;,&quot;autoplay&quot;:&quot;yes&quot;,&quot;play_on_mobile&quot;:&quot;yes&quot;,&quot;mute&quot;:&quot;yes&quot;,&quot;loop&quot;:&quot;yes&quot;,&quot;wdt_animation_effect&quot;:&quot;none&quot;}\" data-widget_type=\"video.default\">\n\t\t\t\t<div class=\"elementor-widget-container\">\n\t\t\t\t\t\t\t<div class=\"e-hosted-video elementor-wrapper elementor-open-inline\">\n\t\t\t\t\t<video class=\"elementor-video\" src=\"https:\/\/restaurant.phosaigon.at\/wp-content\/uploads\/sites\/3\/2025\/10\/Brunch-website.mp4\" autoplay=\"\" loop=\"\" muted=\"muted\" playsinline=\"\" controlslist=\"nodownload\" poster=\"https:\/\/restaurant.phosaigon.at\/wp-content\/uploads\/sites\/3\/2025\/10\/Mask-group-2.png\"><\/video>\n\t\t\t\t<\/div>\n\t\t\t\t\t\t<\/div>\n\t\t\t\t<\/div>\n\t\t\t\t<\/div>\n\t\t<div class=\"elementor-element elementor-element-435a480 e-con-full e-flex e-con e-parent\" data-id=\"435a480\" data-element_type=\"container\" data-e-type=\"container\" id=\"about\" data-settings=\"{&quot;background_background&quot;:&quot;classic&quot;}\">\n\t\t\t\t<div class=\"elementor-element elementor-element-a2625df elementor-absolute phosaigon-reservation-button animated-slow elementor-widget elementor-widget-image\" data-id=\"a2625df\" data-element_type=\"widget\" data-e-type=\"widget\" data-settings=\"{&quot;_position&quot;:&quot;absolute&quot;,&quot;_animation&quot;:&quot;none&quot;,&quot;_animation_delay&quot;:&quot;500&quot;,&quot;wdt_animation_effect&quot;:&quot;none&quot;}\" data-widget_type=\"image.default\">\n\t\t\t\t<div class=\"elementor-widget-container\">\n\t\t\t\t\t\t\t\t\t\t\t\t\t\t\t\t<a href=\"#zc-action-open\">\n\t\t\t\t\t\t\t<img decoding=\"async\" width=\"180\" height=\"180\" src=\"https:\/\/restaurant.phosaigon.at\/wp-content\/uploads\/sites\/3\/2024\/01\/reservation_button.svg\" class=\"attachment-medium size-medium wp-image-1122\" alt=\"\" \/>\t\t\t\t\t\t\t\t<\/a>\n\t\t\t\t\t\t\t\t\t\t\t\t\t\t\t<\/div>\n\t\t\t\t<\/div>\n\t\t<div class=\"elementor-element elementor-element-c9ba412 e-con-full e-flex e-con e-child\" data-id=\"c9ba412\" data-element_type=\"container\" data-e-type=\"container\" data-settings=\"{&quot;background_background&quot;:&quot;classic&quot;}\">\n\t\t<div class=\"elementor-element elementor-element-634c123 e-con-full e-flex e-con e-child\" data-id=\"634c123\" data-element_type=\"container\" data-e-type=\"container\">\n\t\t\t\t<div class=\"elementor-element elementor-element-a09edd0 elementor-invisible elementor-widget elementor-widget-image\" data-id=\"a09edd0\" data-element_type=\"widget\" data-e-type=\"widget\" data-settings=\"{&quot;_animation&quot;:&quot;fadeInRight&quot;,&quot;wdt_animation_effect&quot;:&quot;none&quot;}\" data-widget_type=\"image.default\">\n\t\t\t\t<div class=\"elementor-widget-container\">\n\t\t\t\t\t\t\t\t\t\t\t\t\t\t\t<img decoding=\"async\" width=\"300\" height=\"106\" src=\"https:\/\/restaurant.phosaigon.at\/wp-content\/uploads\/sites\/3\/2025\/09\/brunch-logo.svg\" class=\"attachment-medium size-medium wp-image-1598\" alt=\"\" \/>\t\t\t\t\t\t\t\t\t\t\t\t\t\t\t<\/div>\n\t\t\t\t<\/div>\n\t\t\t\t<\/div>\n\t\t<div class=\"elementor-element elementor-element-620edaa e-con-full e-flex e-con e-child\" data-id=\"620edaa\" data-element_type=\"container\" data-e-type=\"container\">\n\t\t\t\t<div class=\"elementor-element elementor-element-6a1c161 elementor-widget elementor-widget-heading\" data-id=\"6a1c161\" data-element_type=\"widget\" data-e-type=\"widget\" data-settings=\"{&quot;wdt_animation_effect&quot;:&quot;none&quot;}\" data-widget_type=\"heading.default\">\n\t\t\t\t<div class=\"elementor-widget-container\">\n\t\t\t\t\t<h1 class=\"elementor-heading-title elementor-size-default\">Your Sunday Turns Vietnamese<\/h1>\t\t\t\t<\/div>\n\t\t\t\t<\/div>\n\t\t\t\t<div class=\"elementor-element elementor-element-188e218 elementor-invisible elementor-widget elementor-widget-text-editor\" data-id=\"188e218\" data-element_type=\"widget\" data-e-type=\"widget\" data-settings=\"{&quot;_animation&quot;:&quot;fadeInLeft&quot;,&quot;_animation_delay&quot;:&quot;200&quot;,&quot;wdt_animation_effect&quot;:&quot;none&quot;}\" data-widget_type=\"text-editor.default\">\n\t\t\t\t<div class=\"elementor-widget-container\">\n\t\t\t\t\t\t\t\t\t<p>Experience a delightful Sunday at our Vietnamese Sunday buffet in the modern atmosphere of Pho Saigon.<br \/>Our abundant buffet invites you on a culinary journey to Vietnam \u2013 from fresh appetizers and delicious desserts from our show kitchen to warm specialties served right at your table.<\/p>\t\t\t\t\t\t\t\t<\/div>\n\t\t\t\t<\/div>\n\t\t\t\t<div class=\"elementor-element elementor-element-e674b06 elementor-widget elementor-widget-image\" data-id=\"e674b06\" data-element_type=\"widget\" data-e-type=\"widget\" data-settings=\"{&quot;wdt_animation_effect&quot;:&quot;none&quot;}\" data-widget_type=\"image.default\">\n\t\t\t\t<div class=\"elementor-widget-container\">\n\t\t\t\t\t\t\t\t\t\t\t\t\t\t\t<img decoding=\"async\" width=\"69\" height=\"88\" src=\"https:\/\/restaurant.phosaigon.at\/wp-content\/uploads\/sites\/3\/2025\/09\/arrow.svg\" class=\"attachment-large size-large wp-image-1605\" alt=\"\" \/>\t\t\t\t\t\t\t\t\t\t\t\t\t\t\t<\/div>\n\t\t\t\t<\/div>\n\t\t\t\t<div class=\"elementor-element elementor-element-dc1adc8 elementor-widget elementor-widget-heading\" data-id=\"dc1adc8\" data-element_type=\"widget\" data-e-type=\"widget\" data-settings=\"{&quot;wdt_animation_effect&quot;:&quot;none&quot;}\" data-widget_type=\"heading.default\">\n\t\t\t\t<div class=\"elementor-widget-container\">\n\t\t\t\t\t<h2 class=\"elementor-heading-title elementor-size-default\">What Awaits You<\/h2>\t\t\t\t<\/div>\n\t\t\t\t<\/div>\n\t\t\t\t<div class=\"elementor-element elementor-element-aa2ea02 elementor-invisible elementor-widget elementor-widget-text-editor\" data-id=\"aa2ea02\" data-element_type=\"widget\" data-e-type=\"widget\" data-settings=\"{&quot;_animation&quot;:&quot;fadeInLeft&quot;,&quot;_animation_delay&quot;:&quot;200&quot;,&quot;wdt_animation_effect&quot;:&quot;none&quot;}\" data-widget_type=\"text-editor.default\">\n\t\t\t\t<div class=\"elementor-widget-container\">\n\t\t\t\t\t\t\t\t\t<ul><li>Appetizer &amp; dessert buffet to savor<\/li><li>We serve you small delicacies right at your table.<\/li><li>Wine, Cr\u00e9mant, coffee, and non-alcoholic beverages \u2013 all unlimited and included<\/li><\/ul>\t\t\t\t\t\t\t\t<\/div>\n\t\t\t\t<\/div>\n\t\t\t\t<div class=\"elementor-element elementor-element-bccf9c4 elementor-invisible elementor-widget elementor-widget-heading\" data-id=\"bccf9c4\" data-element_type=\"widget\" data-e-type=\"widget\" data-settings=\"{&quot;_animation&quot;:&quot;fadeIn&quot;,&quot;wdt_animation_effect&quot;:&quot;none&quot;}\" data-widget_type=\"heading.default\">\n\t\t\t\t<div class=\"elementor-widget-container\">\n\t\t\t\t\t<h2 class=\"elementor-heading-title elementor-size-default\">Prices<\/h2>\t\t\t\t<\/div>\n\t\t\t\t<\/div>\n\t\t<div class=\"elementor-element elementor-element-6abd67e e-con-full e-flex e-con e-child\" data-id=\"6abd67e\" data-element_type=\"container\" data-e-type=\"container\">\n\t\t\t\t<div class=\"elementor-element elementor-element-9884082 elementor-invisible elementor-widget elementor-widget-text-editor\" data-id=\"9884082\" data-element_type=\"widget\" data-e-type=\"widget\" data-settings=\"{&quot;_animation&quot;:&quot;fadeInLeft&quot;,&quot;_animation_delay&quot;:&quot;200&quot;,&quot;wdt_animation_effect&quot;:&quot;none&quot;}\" data-widget_type=\"text-editor.default\">\n\t\t\t\t<div class=\"elementor-widget-container\">\n\t\t\t\t\t\t\t\t\t<p>Buffet price per person: \u20ac50<\/p>\t\t\t\t\t\t\t\t<\/div>\n\t\t\t\t<\/div>\n\t\t\t\t<div class=\"elementor-element elementor-element-d61d4e9 elementor-invisible elementor-widget elementor-widget-text-editor\" data-id=\"d61d4e9\" data-element_type=\"widget\" data-e-type=\"widget\" data-settings=\"{&quot;_animation&quot;:&quot;fadeInLeft&quot;,&quot;_animation_delay&quot;:&quot;200&quot;,&quot;wdt_animation_effect&quot;:&quot;none&quot;}\" data-widget_type=\"text-editor.default\">\n\t\t\t\t<div class=\"elementor-widget-container\">\n\t\t\t\t\t\t\t\t\t<p>Beverage package (wine, Cr\u00e9mant, coffee &amp; non-alcoholic drinks): + \u20ac15<\/p>\t\t\t\t\t\t\t\t<\/div>\n\t\t\t\t<\/div>\n\t\t\t\t<div class=\"elementor-element elementor-element-740447e elementor-invisible elementor-widget elementor-widget-heading\" data-id=\"740447e\" data-element_type=\"widget\" data-e-type=\"widget\" data-settings=\"{&quot;_animation&quot;:&quot;fadeIn&quot;,&quot;wdt_animation_effect&quot;:&quot;none&quot;}\" data-widget_type=\"heading.default\">\n\t\t\t\t<div class=\"elementor-widget-container\">\n\t\t\t\t\t<p class=\"elementor-heading-title elementor-size-default\">Children\u2019s prices<\/p>\t\t\t\t<\/div>\n\t\t\t\t<\/div>\n\t\t\t\t<div class=\"elementor-element elementor-element-0e57c0b elementor-invisible elementor-widget elementor-widget-text-editor\" data-id=\"0e57c0b\" data-element_type=\"widget\" data-e-type=\"widget\" data-settings=\"{&quot;_animation&quot;:&quot;fadeInLeft&quot;,&quot;_animation_delay&quot;:&quot;200&quot;,&quot;wdt_animation_effect&quot;:&quot;none&quot;}\" data-widget_type=\"text-editor.default\">\n\t\t\t\t<div class=\"elementor-widget-container\">\n\t\t\t\t\t\t\t\t\t<p>Ages 0\u20134: free<br \/>Ages 5\u201311: \u20ac20<br \/>From age 12: regular price<\/p>\t\t\t\t\t\t\t\t<\/div>\n\t\t\t\t<\/div>\n\t\t\t\t<\/div>\n\t\t\t\t<div class=\"elementor-element elementor-element-14b4f78 elementor-align-center elementor-widget elementor-widget-button\" data-id=\"14b4f78\" data-element_type=\"widget\" data-e-type=\"widget\" data-settings=\"{&quot;wdt_animation_effect&quot;:&quot;none&quot;}\" data-no-translation=\"\" data-widget_type=\"button.default\">\n\t\t\t\t<div class=\"elementor-widget-container\">\n\t\t\t\t\t<style>.elementor-element-14b4f78{display:none !important}<\/style>\t\t\t\t<\/div>\n\t\t\t\t<\/div>\n\t\t\t\t<div class=\"elementor-element elementor-element-519c0b5 elementor-align-center elementor-widget elementor-widget-button\" data-id=\"519c0b5\" data-element_type=\"widget\" data-e-type=\"widget\" data-settings=\"{&quot;wdt_animation_effect&quot;:&quot;none&quot;}\" data-no-translation=\"\" data-widget_type=\"button.default\">\n\t\t\t\t<div class=\"elementor-widget-container\">\n\t\t\t\t\t\t\t\t\t<div class=\"elementor-button-wrapper\">\n\t\t\t\t\t<a class=\"elementor-button elementor-button-link elementor-size-sm\" href=\"https:\/\/restaurant.phosaigon.at\/en\/2025-11-27-phosaigon-brunch\/\" target=\"_blank\">\n\t\t\t\t\t\t<span class=\"elementor-button-content-wrapper\">\n\t\t\t\t\t\t\t\t\t<span class=\"elementor-button-text\">Brunch menu<\/span>\n\t\t\t\t\t<\/span>\n\t\t\t\t\t<\/a>\n\t\t\t\t<\/div>\n\t\t\t\t\t\t\t\t<\/div>\n\t\t\t\t<\/div>\n\t\t\t\t<div class=\"elementor-element elementor-element-1f1c6a1 elementor-invisible elementor-widget elementor-widget-text-editor\" data-id=\"1f1c6a1\" data-element_type=\"widget\" data-e-type=\"widget\" data-settings=\"{&quot;_animation&quot;:&quot;fadeInLeft&quot;,&quot;_animation_delay&quot;:&quot;200&quot;,&quot;wdt_animation_effect&quot;:&quot;none&quot;}\" data-widget_type=\"text-editor.default\">\n\t\t\t\t<div class=\"elementor-widget-container\">\n\t\t\t\t\t\t\t\t\t<p>Immerse yourself in a relaxed atmosphere, experience togetherness, enjoyment, and joie de vivre \u2013 and celebrate Sunday with family and friends.<\/p>\t\t\t\t\t\t\t\t<\/div>\n\t\t\t\t<\/div>\n\t\t\t\t<div class=\"elementor-element elementor-element-610c6b4 elementor-invisible elementor-widget elementor-widget-text-editor\" data-id=\"610c6b4\" data-element_type=\"widget\" data-e-type=\"widget\" data-settings=\"{&quot;_animation&quot;:&quot;fadeInLeft&quot;,&quot;_animation_delay&quot;:&quot;200&quot;,&quot;wdt_animation_effect&quot;:&quot;none&quot;}\" data-widget_type=\"text-editor.default\">\n\t\t\t\t<div class=\"elementor-widget-container\">\n\t\t\t\t\t\t\t\t\t<p>Every Sunday from <strong>12 PM \u2013 4 PM<\/strong><\/p>\t\t\t\t\t\t\t\t<\/div>\n\t\t\t\t<\/div>\n\t\t\t\t<div class=\"elementor-element elementor-element-0d5a495 elementor-invisible elementor-widget elementor-widget-text-editor\" data-id=\"0d5a495\" data-element_type=\"widget\" data-e-type=\"widget\" data-settings=\"{&quot;_animation&quot;:&quot;fadeInLeft&quot;,&quot;_animation_delay&quot;:&quot;200&quot;,&quot;wdt_animation_effect&quot;:&quot;none&quot;}\" data-widget_type=\"text-editor.default\">\n\t\t\t\t<div class=\"elementor-widget-container\">\n\t\t\t\t\t\t\t\t\t<p>Pho Saigon &#8211; Authentic Vietnamese Kitchen<\/p>\t\t\t\t\t\t\t\t<\/div>\n\t\t\t\t<\/div>\n\t\t\t\t<\/div>\n\t\t<div class=\"elementor-element elementor-element-a834307 e-con-full elementor-hidden-mobile_extra elementor-hidden-mobile e-flex e-con e-child\" data-id=\"a834307\" data-element_type=\"container\" data-e-type=\"container\">\n\t\t\t\t<\/div>\n\t\t\t\t<div class=\"elementor-element elementor-element-c2650fa elementor-absolute elementor-hidden-desktop elementor-hidden-laptop elementor-hidden-tablet_extra elementor-invisible elementor-widget elementor-widget-image\" data-id=\"c2650fa\" data-element_type=\"widget\" data-e-type=\"widget\" data-settings=\"{&quot;_position&quot;:&quot;absolute&quot;,&quot;motion_fx_motion_fx_scrolling&quot;:&quot;yes&quot;,&quot;motion_fx_rotateZ_effect&quot;:&quot;yes&quot;,&quot;motion_fx_rotateZ_speed&quot;:{&quot;unit&quot;:&quot;px&quot;,&quot;size&quot;:&quot;0.8&quot;,&quot;sizes&quot;:[]},&quot;_animation&quot;:&quot;fadeInUp&quot;,&quot;wdt_animation_effect&quot;:&quot;none&quot;,&quot;motion_fx_rotateZ_affectedRange&quot;:{&quot;unit&quot;:&quot;%&quot;,&quot;size&quot;:&quot;&quot;,&quot;sizes&quot;:{&quot;start&quot;:0,&quot;end&quot;:100}},&quot;motion_fx_devices&quot;:[&quot;desktop&quot;,&quot;laptop&quot;,&quot;tablet_extra&quot;,&quot;tablet&quot;,&quot;mobile_extra&quot;,&quot;mobile&quot;]}\" data-widget_type=\"image.default\">\n\t\t\t\t<div class=\"elementor-widget-container\">\n\t\t\t\t\t\t\t\t\t\t\t\t\t\t\t<img loading=\"lazy\" decoding=\"async\" width=\"300\" height=\"235\" src=\"https:\/\/restaurant.phosaigon.at\/wp-content\/uploads\/sites\/3\/2024\/01\/Asset-3-1.svg\" class=\"attachment-medium size-medium wp-image-854\" alt=\"\" \/>\t\t\t\t\t\t\t\t\t\t\t\t\t\t\t<\/div>\n\t\t\t\t<\/div>\n\t\t\t\t<\/div>\n\t\t\t\t<\/div>\n\t\t<div class=\"elementor-element elementor-element-3038acd e-con-full e-flex e-con e-parent\" data-id=\"3038acd\" data-element_type=\"container\" data-e-type=\"container\" data-settings=\"{&quot;background_background&quot;:&quot;classic&quot;}\">\n\t\t\t\t<\/div>\n\t\t\t\t<\/div>","protected":false},"excerpt":{"rendered":"<p>https:\/\/restaurant.phosaigon.at\/wp-content\/uploads\/sites\/3\/2025\/10\/Brunch-website.mp4 Dein Sonntag wird Vietnamesisch Erlebe einen genussvollen Sonntag bei unserem vietnamesischen Sonntagsbuffet im modernen Ambiente von Pho Saigon.Unser reichhaltiges Buffet l\u00e4dt dich auf eine kulinarische Reise nach Vietnam ein \u2013 von frischen Vorspeisen und k\u00f6stlichen Desserts aus unserer Showk\u00fcche bis hin zu warmen Spezialit\u00e4ten, die wir dir direkt am Tisch servieren. Das erwartert dich [&hellip;]<\/p>","protected":false},"author":1,"featured_media":749,"parent":0,"menu_order":0,"comment_status":"closed","ping_status":"closed","template":"","meta":{"footnotes":""},"class_list":["post-1593","page","type-page","status-publish","has-post-thumbnail","hentry"],"yoast_head":"<!-- This site is optimized with the Yoast SEO plugin v27.0 - https:\/\/yoast.com\/product\/yoast-seo-wordpress\/ -->\n<title>Vietnamesisches Restaurant Wien | Restaurant 1010 | Pho Saigon<\/title>\n<meta name=\"description\" content=\"Wiens authentisches vietnamesisches Restaurant! Pho Saigon in 1010 Wien bietet einen Vorgeschmack auf Vietnam mit frischen Zutaten und k\u00f6stlichen Aromen. Essen vor Ort oder zum Mitnehmen.\" \/>\n<meta name=\"robots\" content=\"index, follow, max-snippet:-1, max-image-preview:large, max-video-preview:-1\" \/>\n<link rel=\"canonical\" href=\"https:\/\/restaurant.phosaigon.at\/en\/brunch\/\" \/>\n<meta property=\"og:locale\" content=\"en_US\" \/>\n<meta property=\"og:type\" content=\"article\" \/>\n<meta property=\"og:title\" content=\"Vietnamesisches Restaurant Wien | Restaurant 1010 | Pho Saigon\" \/>\n<meta property=\"og:description\" content=\"Wiens authentisches vietnamesisches Restaurant! Pho Saigon in 1010 Wien bietet einen Vorgeschmack auf Vietnam mit frischen Zutaten und k\u00f6stlichen Aromen. Essen vor Ort oder zum Mitnehmen.\" \/>\n<meta property=\"og:url\" content=\"https:\/\/restaurant.phosaigon.at\/en\/brunch\/\" \/>\n<meta property=\"og:site_name\" content=\"Pho Saigon | Kitchen &amp; Bar\" \/>\n<meta property=\"article:publisher\" content=\"https:\/\/www.facebook.com\/phosaigonvienna\/\" \/>\n<meta property=\"article:modified_time\" content=\"2026-01-12T13:29:39+00:00\" \/>\n<meta property=\"og:image\" content=\"https:\/\/restaurant.phosaigon.at\/wp-content\/uploads\/sites\/3\/2023\/12\/image-1-1.jpg\" \/>\n\t<meta property=\"og:image:width\" content=\"958\" \/>\n\t<meta property=\"og:image:height\" content=\"1022\" \/>\n\t<meta property=\"og:image:type\" content=\"image\/jpeg\" \/>\n<meta name=\"twitter:card\" content=\"summary_large_image\" \/>\n<meta name=\"twitter:label1\" content=\"Est. reading time\" \/>\n\t<meta name=\"twitter:data1\" content=\"2 minutes\" \/>\n<script type=\"application\/ld+json\" class=\"yoast-schema-graph\">{\"@context\":\"https:\/\/schema.org\",\"@graph\":[{\"@type\":\"WebPage\",\"@id\":\"https:\/\/restaurant.phosaigon.at\/brunch\/\",\"url\":\"https:\/\/restaurant.phosaigon.at\/brunch\/\",\"name\":\"Vietnamesisches Restaurant Wien | Restaurant 1010 | Pho Saigon\",\"isPartOf\":{\"@id\":\"https:\/\/restaurant.phosaigon.at\/#website\"},\"primaryImageOfPage\":{\"@id\":\"https:\/\/restaurant.phosaigon.at\/brunch\/#primaryimage\"},\"image\":{\"@id\":\"https:\/\/restaurant.phosaigon.at\/brunch\/#primaryimage\"},\"thumbnailUrl\":\"https:\/\/restaurant.phosaigon.at\/wp-content\/uploads\/sites\/3\/2023\/12\/image-1-1.jpg\",\"datePublished\":\"2025-09-25T05:48:09+00:00\",\"dateModified\":\"2026-01-12T13:29:39+00:00\",\"description\":\"Wiens authentisches vietnamesisches Restaurant! Pho Saigon in 1010 Wien bietet einen Vorgeschmack auf Vietnam mit frischen Zutaten und k\u00f6stlichen Aromen. Essen vor Ort oder zum Mitnehmen.\",\"breadcrumb\":{\"@id\":\"https:\/\/restaurant.phosaigon.at\/brunch\/#breadcrumb\"},\"inLanguage\":\"en-US\",\"potentialAction\":[{\"@type\":\"ReadAction\",\"target\":[\"https:\/\/restaurant.phosaigon.at\/brunch\/\"]}]},{\"@type\":\"ImageObject\",\"inLanguage\":\"en-US\",\"@id\":\"https:\/\/restaurant.phosaigon.at\/brunch\/#primaryimage\",\"url\":\"https:\/\/restaurant.phosaigon.at\/wp-content\/uploads\/sites\/3\/2023\/12\/image-1-1.jpg\",\"contentUrl\":\"https:\/\/restaurant.phosaigon.at\/wp-content\/uploads\/sites\/3\/2023\/12\/image-1-1.jpg\",\"width\":958,\"height\":1022},{\"@type\":\"BreadcrumbList\",\"@id\":\"https:\/\/restaurant.phosaigon.at\/brunch\/#breadcrumb\",\"itemListElement\":[{\"@type\":\"ListItem\",\"position\":1,\"name\":\"Startseite\",\"item\":\"https:\/\/restaurant.phosaigon.at\/\"},{\"@type\":\"ListItem\",\"position\":2,\"name\":\"Pho Saigon Brunch\"}]},{\"@type\":\"WebSite\",\"@id\":\"https:\/\/restaurant.phosaigon.at\/#website\",\"url\":\"https:\/\/restaurant.phosaigon.at\/\",\"name\":\"Pho Saigon | Kitchen & Bar\",\"description\":\"\",\"publisher\":{\"@id\":\"https:\/\/restaurant.phosaigon.at\/#organization\"},\"potentialAction\":[{\"@type\":\"SearchAction\",\"target\":{\"@type\":\"EntryPoint\",\"urlTemplate\":\"https:\/\/restaurant.phosaigon.at\/?s={search_term_string}\"},\"query-input\":{\"@type\":\"PropertyValueSpecification\",\"valueRequired\":true,\"valueName\":\"search_term_string\"}}],\"inLanguage\":\"en-US\"},{\"@type\":\"Organization\",\"@id\":\"https:\/\/restaurant.phosaigon.at\/#organization\",\"name\":\"Pho Saigon | Kitchen & Bar\",\"url\":\"https:\/\/restaurant.phosaigon.at\/\",\"logo\":{\"@type\":\"ImageObject\",\"inLanguage\":\"en-US\",\"@id\":\"https:\/\/restaurant.phosaigon.at\/#\/schema\/logo\/image\/\",\"url\":\"https:\/\/restaurant.phosaigon.at\/wp-content\/uploads\/sites\/3\/2023\/10\/home_logo_phosaigon.png\",\"contentUrl\":\"https:\/\/restaurant.phosaigon.at\/wp-content\/uploads\/sites\/3\/2023\/10\/home_logo_phosaigon.png\",\"width\":1200,\"height\":749,\"caption\":\"Pho Saigon | Kitchen & Bar\"},\"image\":{\"@id\":\"https:\/\/restaurant.phosaigon.at\/#\/schema\/logo\/image\/\"},\"sameAs\":[\"https:\/\/www.facebook.com\/phosaigonvienna\/\",\"https:\/\/www.instagram.com\/phosaigon_vienna\/\"]}]}<\/script>\n<!-- \/ Yoast SEO plugin. -->","yoast_head_json":{"title":"Vietnamesisches Restaurant Wien | Restaurant 1010 | Pho Saigon","description":"Wiens authentisches vietnamesisches Restaurant! Pho Saigon in 1010 Wien bietet einen Vorgeschmack auf Vietnam mit frischen Zutaten und k\u00f6stlichen Aromen. Essen vor Ort oder zum Mitnehmen.","robots":{"index":"index","follow":"follow","max-snippet":"max-snippet:-1","max-image-preview":"max-image-preview:large","max-video-preview":"max-video-preview:-1"},"canonical":"https:\/\/restaurant.phosaigon.at\/en\/brunch\/","og_locale":"en_US","og_type":"article","og_title":"Vietnamesisches Restaurant Wien | Restaurant 1010 | Pho Saigon","og_description":"Wiens authentisches vietnamesisches Restaurant! Pho Saigon in 1010 Wien bietet einen Vorgeschmack auf Vietnam mit frischen Zutaten und k\u00f6stlichen Aromen. Essen vor Ort oder zum Mitnehmen.","og_url":"https:\/\/restaurant.phosaigon.at\/en\/brunch\/","og_site_name":"Pho Saigon | Kitchen &amp; Bar","article_publisher":"https:\/\/www.facebook.com\/phosaigonvienna\/","article_modified_time":"2026-01-12T13:29:39+00:00","og_image":[{"width":958,"height":1022,"url":"https:\/\/restaurant.phosaigon.at\/wp-content\/uploads\/sites\/3\/2023\/12\/image-1-1.jpg","type":"image\/jpeg"}],"twitter_card":"summary_large_image","twitter_misc":{"Est. reading time":"2 minutes"},"schema":{"@context":"https:\/\/schema.org","@graph":[{"@type":"WebPage","@id":"https:\/\/restaurant.phosaigon.at\/brunch\/","url":"https:\/\/restaurant.phosaigon.at\/brunch\/","name":"Vietnamesisches Restaurant Wien | Restaurant 1010 | Pho Saigon","isPartOf":{"@id":"https:\/\/restaurant.phosaigon.at\/#website"},"primaryImageOfPage":{"@id":"https:\/\/restaurant.phosaigon.at\/brunch\/#primaryimage"},"image":{"@id":"https:\/\/restaurant.phosaigon.at\/brunch\/#primaryimage"},"thumbnailUrl":"https:\/\/restaurant.phosaigon.at\/wp-content\/uploads\/sites\/3\/2023\/12\/image-1-1.jpg","datePublished":"2025-09-25T05:48:09+00:00","dateModified":"2026-01-12T13:29:39+00:00","description":"Wiens authentisches vietnamesisches Restaurant! Pho Saigon in 1010 Wien bietet einen Vorgeschmack auf Vietnam mit frischen Zutaten und k\u00f6stlichen Aromen. Essen vor Ort oder zum Mitnehmen.","breadcrumb":{"@id":"https:\/\/restaurant.phosaigon.at\/brunch\/#breadcrumb"},"inLanguage":"en-US","potentialAction":[{"@type":"ReadAction","target":["https:\/\/restaurant.phosaigon.at\/brunch\/"]}]},{"@type":"ImageObject","inLanguage":"en-US","@id":"https:\/\/restaurant.phosaigon.at\/brunch\/#primaryimage","url":"https:\/\/restaurant.phosaigon.at\/wp-content\/uploads\/sites\/3\/2023\/12\/image-1-1.jpg","contentUrl":"https:\/\/restaurant.phosaigon.at\/wp-content\/uploads\/sites\/3\/2023\/12\/image-1-1.jpg","width":958,"height":1022},{"@type":"BreadcrumbList","@id":"https:\/\/restaurant.phosaigon.at\/brunch\/#breadcrumb","itemListElement":[{"@type":"ListItem","position":1,"name":"Startseite","item":"https:\/\/restaurant.phosaigon.at\/"},{"@type":"ListItem","position":2,"name":"Pho Saigon Brunch"}]},{"@type":"WebSite","@id":"https:\/\/restaurant.phosaigon.at\/#website","url":"https:\/\/restaurant.phosaigon.at\/","name":"Pho Saigon | Kitchen & Bar","description":"","publisher":{"@id":"https:\/\/restaurant.phosaigon.at\/#organization"},"potentialAction":[{"@type":"SearchAction","target":{"@type":"EntryPoint","urlTemplate":"https:\/\/restaurant.phosaigon.at\/?s={search_term_string}"},"query-input":{"@type":"PropertyValueSpecification","valueRequired":true,"valueName":"search_term_string"}}],"inLanguage":"en-US"},{"@type":"Organization","@id":"https:\/\/restaurant.phosaigon.at\/#organization","name":"Pho Saigon | Kitchen & Bar","url":"https:\/\/restaurant.phosaigon.at\/","logo":{"@type":"ImageObject","inLanguage":"en-US","@id":"https:\/\/restaurant.phosaigon.at\/#\/schema\/logo\/image\/","url":"https:\/\/restaurant.phosaigon.at\/wp-content\/uploads\/sites\/3\/2023\/10\/home_logo_phosaigon.png","contentUrl":"https:\/\/restaurant.phosaigon.at\/wp-content\/uploads\/sites\/3\/2023\/10\/home_logo_phosaigon.png","width":1200,"height":749,"caption":"Pho Saigon | Kitchen & Bar"},"image":{"@id":"https:\/\/restaurant.phosaigon.at\/#\/schema\/logo\/image\/"},"sameAs":["https:\/\/www.facebook.com\/phosaigonvienna\/","https:\/\/www.instagram.com\/phosaigon_vienna\/"]}]}},"_links":{"self":[{"href":"https:\/\/restaurant.phosaigon.at\/en\/wp-json\/wp\/v2\/pages\/1593","targetHints":{"allow":["GET"]}}],"collection":[{"href":"https:\/\/restaurant.phosaigon.at\/en\/wp-json\/wp\/v2\/pages"}],"about":[{"href":"https:\/\/restaurant.phosaigon.at\/en\/wp-json\/wp\/v2\/types\/page"}],"author":[{"embeddable":true,"href":"https:\/\/restaurant.phosaigon.at\/en\/wp-json\/wp\/v2\/users\/1"}],"replies":[{"embeddable":true,"href":"https:\/\/restaurant.phosaigon.at\/en\/wp-json\/wp\/v2\/comments?post=1593"}],"version-history":[{"count":74,"href":"https:\/\/restaurant.phosaigon.at\/en\/wp-json\/wp\/v2\/pages\/1593\/revisions"}],"predecessor-version":[{"id":1740,"href":"https:\/\/restaurant.phosaigon.at\/en\/wp-json\/wp\/v2\/pages\/1593\/revisions\/1740"}],"wp:featuredmedia":[{"embeddable":true,"href":"https:\/\/restaurant.phosaigon.at\/en\/wp-json\/wp\/v2\/media\/749"}],"wp:attachment":[{"href":"https:\/\/restaurant.phosaigon.at\/en\/wp-json\/wp\/v2\/media?parent=1593"}],"curies":[{"name":"wp","href":"https:\/\/api.w.org\/{rel}","templated":true}]}}